{"id":223,"date":"2017-05-24T23:30:16","date_gmt":"2017-05-25T06:30:16","guid":{"rendered":"http:\/\/import.themovation.com\/embark\/river-rafting\/?page_id=71"},"modified":"2025-10-27T19:27:38","modified_gmt":"2025-10-27T19:27:38","slug":"about-us","status":"publish","type":"page","link":"https:\/\/conslog.com\/pt\/about-us\/","title":{"rendered":"About Us &#8211; Classic"},"content":{"rendered":"<div data-elementor-type=\"wp-post\" data-elementor-id=\"223\" class=\"elementor elementor-223\" data-elementor-settings=\"[]\">\n\t\t\t\t\t\t<div class=\"elementor-inner\">\n\t\t\t\t\t\t\t<div class=\"elementor-section-wrap\">\n\t\t\t\t\t\t\t<section class=\"elementor-section elementor-top-section elementor-element elementor-element-zuoldcu elementor-section-full_width elementor-section-height-min-height elementor-section-height-default elementor-section-items-middle\" data-id=\"zuoldcu\" data-element_type=\"section\" data-settings=\"{&quot;background_background&quot;:&quot;classic&quot;}\">\n\t\t\t\t\t\t\t<div class=\"elementor-background-overlay\"><\/div>\n\t\t\t\t\t\t\t<div class=\"elementor-container elementor-column-gap-default\">\n\t\t\t\t\t\t\t<div class=\"elementor-row\">\n\t\t\t\t\t<div class=\"elementor-column elementor-col-100 elementor-top-column elementor-element elementor-element-zwsiodr\" data-id=\"zwsiodr\" data-element_type=\"column\">\n\t\t\t<div class=\"elementor-column-wrap elementor-element-populated\">\n\t\t\t\t\t\t\t<div class=\"elementor-widget-wrap\">\n\t\t\t\t\t\t<div class=\"elementor-element elementor-element-5lfevmv elementor-widget elementor-widget-spacer\" data-id=\"5lfevmv\" data-element_type=\"widget\" data-widget_type=\"spacer.default\">\n\t\t\t\t<div class=\"elementor-widget-container\">\n\t\t\t\t\t<div class=\"elementor-spacer\">\n\t\t\t<div class=\"elementor-spacer-inner\"><\/div>\n\t\t<\/div>\n\t\t\t\t<\/div>\n\t\t\t\t<\/div>\n\t\t\t\t<div class=\"elementor-element elementor-element-rmushfl elementor-view-default elementor-position-top elementor-invisible elementor-widget elementor-widget-themo-header\" data-id=\"rmushfl\" data-element_type=\"widget\" data-settings=\"{&quot;_animation&quot;:&quot;fadeInUp&quot;}\" data-widget_type=\"themo-header.default\">\n\t\t\t\t<div class=\"elementor-widget-container\">\n\t\t\t\t\t<div class=\"th-header-wrap\">\n        <div class=\"elementor-icon-box-wrapper\">\n                            <div class=\"elementor-icon-box-content\">\n                    <h1 class=\"elementor-icon-box-title\">\n                        <span >Sobre ConsLog<\/span>\n                    <\/h1>\n                                        <p class=\"elementor-icon-box-description\">Conhe\u00e7a as pessoas e hist\u00f3rias por tr\u00e1s da tecnologia.<\/p>\n\n                                    <\/div>\n            <\/div>\n\n        <\/div>\n\n\t\t\t\t<\/div>\n\t\t\t\t<\/div>\n\t\t\t\t\t\t<\/div>\n\t\t\t\t\t<\/div>\n\t\t<\/div>\n\t\t\t\t\t\t\t\t<\/div>\n\t\t\t\t\t<\/div>\n\t\t<\/section>\n\t\t\t\t<section class=\"elementor-section elementor-top-section elementor-element elementor-element-qcqanhp elementor-section-boxed elementor-section-height-default elementor-section-height-default\" data-id=\"qcqanhp\" data-element_type=\"section\" data-settings=\"{&quot;background_background&quot;:&quot;classic&quot;}\">\n\t\t\t\t\t\t<div class=\"elementor-container elementor-column-gap-no\">\n\t\t\t\t\t\t\t<div class=\"elementor-row\">\n\t\t\t\t\t<div class=\"elementor-column elementor-col-100 elementor-top-column elementor-element elementor-element-yrjoxuq\" data-id=\"yrjoxuq\" data-element_type=\"column\">\n\t\t\t<div class=\"elementor-column-wrap elementor-element-populated\">\n\t\t\t\t\t\t\t<div class=\"elementor-widget-wrap\">\n\t\t\t\t\t\t<div class=\"elementor-element elementor-element-lismwdi elementor-widget elementor-widget-spacer\" data-id=\"lismwdi\" data-element_type=\"widget\" data-widget_type=\"spacer.default\">\n\t\t\t\t<div class=\"elementor-widget-container\">\n\t\t\t\t\t<div class=\"elementor-spacer\">\n\t\t\t<div class=\"elementor-spacer-inner\"><\/div>\n\t\t<\/div>\n\t\t\t\t<\/div>\n\t\t\t\t<\/div>\n\t\t\t\t<div class=\"elementor-element elementor-element-4birdsx elementor-view-default elementor-position-top elementor-widget elementor-widget-themo-header\" data-id=\"4birdsx\" data-element_type=\"widget\" data-widget_type=\"themo-header.default\">\n\t\t\t\t<div class=\"elementor-widget-container\">\n\t\t\t\t\t<div class=\"th-header-wrap\">\n        <div class=\"elementor-icon-box-wrapper\">\n                            <div class=\"elementor-icon-box-content\">\n                    <h2 class=\"elementor-icon-box-title\">\n                        <span >Nossa Hist\u00f3ria e Miss\u00e3o<\/span>\n                    <\/h2>\n                                        <p class=\"elementor-icon-box-description\">A miss\u00e3o da ConsLog \u00e9 fornecer o software de tecnologia de gest\u00e3o de constru\u00e7\u00e3o mais completo, f\u00e1cil de usar e personalizado dispon\u00edvel. Enquanto trabalhava para o Corpo de Engenheiros do Ex\u00e9rcito dos EUA, o fundador Phelipe Silva experimentou as dificuldades comuns da gest\u00e3o de constru\u00e7\u00e3o e reconheceu a necessidade de uma tecnologia melhor. Ele sabia que a maioria das dificuldades que enfrentou poderia ser resolvida com um sistema adequadamente planejado e constru\u00eddo. Ap\u00f3s construir com sucesso um aplicativo m\u00f3vel para o governo e ser indicado para o pr\u00eamio Inova\u00e7\u00e3o do Ano do USACE, ele decidiu tornar sua vis\u00e3o uma realidade com a <b>ConsLog<\/b>. Desde o in\u00edcio, a empresa concentrou-se em construir exatamente o que o mercado deseja e se orgulha de desenvolver solu\u00e7\u00f5es altamente personalizadas quando necess\u00e1rio. Hoje, a ConsLog est\u00e1 crescendo rapidamente, com mais de 1000 empresas em todo o mundo utilizando o sistema. <\/p>\n\n                                    <\/div>\n            <\/div>\n\n        <\/div>\n\n\t\t\t\t<\/div>\n\t\t\t\t<\/div>\n\t\t\t\t<div class=\"elementor-element elementor-element-8692345 elementor-widget elementor-widget-heading\" data-id=\"8692345\" data-element_type=\"widget\" data-widget_type=\"heading.default\">\n\t\t\t\t<div class=\"elementor-widget-container\">\n\t\t\t<h2 class=\"elementor-heading-title elementor-size-default\">Conhe\u00e7a a Lideran\u00e7a<\/h2>\t\t<\/div>\n\t\t\t\t<\/div>\n\t\t\t\t<section class=\"elementor-section elementor-inner-section elementor-element elementor-element-hjnqtlq elementor-section-content-middle elementor-section-boxed elementor-section-height-default elementor-section-height-default\" data-id=\"hjnqtlq\" data-element_type=\"section\">\n\t\t\t\t\t\t<div class=\"elementor-container elementor-column-gap-wide\">\n\t\t\t\t\t\t\t<div class=\"elementor-row\">\n\t\t\t\t\t<div class=\"elementor-column elementor-col-50 elementor-inner-column elementor-element elementor-element-fiyxigk\" data-id=\"fiyxigk\" data-element_type=\"column\">\n\t\t\t<div class=\"elementor-column-wrap elementor-element-populated\">\n\t\t\t\t\t\t\t<div class=\"elementor-widget-wrap\">\n\t\t\t\t\t\t<div class=\"elementor-element elementor-element-hrgnmme elementor-widget elementor-widget-themo-team\" data-id=\"hrgnmme\" data-element_type=\"widget\" data-widget_type=\"themo-team.default\">\n\t\t\t\t<div class=\"elementor-widget-container\">\n\t\t\t\n\t\t<div class=\"th-team-member\">\n                            <a href=\"#0\">\n                    <img loading=\"lazy\" decoding=\"async\" width=\"394\" height=\"197\" src=\"https:\/\/conslog.com\/wp-content\/uploads\/2021\/06\/Headshots-FAM-3-394x197.jpeg\" class=\"th-img-stretch\" alt=\"\" \/>                <\/a>\n            \n\t\t\t<div class=\"th-team-member-content\">\n                                                            <a href=\"#0\">\n                            <h4 class=\"th-team-member-name\">Phelipe Silva<\/h4>\n                        <\/a>\n                                   \t\t\t\t\t\t\t\t\t<h5 class=\"th-team-member-title\">Fundador e Diretor Executivo<\/h5>\n\t\t\t\t\t\t\t\t\t\t\t\t\t<div class=\"th-team-member-text\">Enquanto trabalhava como gerente de projetos para o Ex\u00e9rcito dos Estados Unidos (Army Corps of Engineers), Phelipe pessoalmente sentiu as dificuldades di\u00e1rias do lado do propriet\u00e1rio. Phelipe tamb\u00e9m trabalhou na Goldman Sachs como Analista S\u00eanior, onde ajudou a automatizar seus processos. Sua paix\u00e3o \u00e9 construir ferramentas que os usu\u00e1rios na constru\u00e7\u00e3o desejam. Phelipe possui um Bacharelado em Ci\u00eancias em Gerenciamento de Constru\u00e7\u00e3o.<\/div>\n\t\t\t\t\t\t\t\t<div class=\"th-team-member-social\">\n\t\t\t\t\t<a href=\"https:\/\/www.linkedin.com\/in\/phelipesilva\/\"><i aria-hidden=\"true\" class=\"fab fa-linkedin\"><\/i><\/a>\t\t\t\t<\/div>\n\t\t\t<\/div>\n\t\t<\/div>\n\n\t\t\t\t<\/div>\n\t\t\t\t<\/div>\n\t\t\t\t\t\t<\/div>\n\t\t\t\t\t<\/div>\n\t\t<\/div>\n\t\t\t\t<div class=\"elementor-column elementor-col-50 elementor-inner-column elementor-element elementor-element-e488346\" data-id=\"e488346\" data-element_type=\"column\">\n\t\t\t<div class=\"elementor-column-wrap elementor-element-populated\">\n\t\t\t\t\t\t\t<div class=\"elementor-widget-wrap\">\n\t\t\t\t\t\t<div class=\"elementor-element elementor-element-2eb8848 elementor-widget elementor-widget-themo-team\" data-id=\"2eb8848\" data-element_type=\"widget\" data-widget_type=\"themo-team.default\">\n\t\t\t\t<div class=\"elementor-widget-container\">\n\t\t\t\n\t\t<div class=\"th-team-member\">\n                            <a href=\"#0\">\n                    <img loading=\"lazy\" decoding=\"async\" width=\"394\" height=\"197\" src=\"https:\/\/conslog.com\/wp-content\/uploads\/2021\/06\/Lucas-1-394x197.png\" class=\"th-img-stretch\" alt=\"\" \/>                <\/a>\n            \n\t\t\t<div class=\"th-team-member-content\">\n                                                            <a href=\"#0\">\n                            <h4 class=\"th-team-member-name\">Lucas Amorim<\/h4>\n                        <\/a>\n                                   \t\t\t\t\t\t\t\t\t<h5 class=\"th-team-member-title\">Founder &amp; Chief Technology Officer<\/h5>\n\t\t\t\t\t\t\t\t\t\t\t\t\t<div class=\"th-team-member-text\">Lucas \u00e9 um empreendedor serial com paix\u00e3o por construir produtos e software de alta qualidade e amig\u00e1veis aos usu\u00e1rios. Ele obteve seu diploma em Engenharia El\u00e9trica e de Computa\u00e7\u00e3o e construiu e vendeu v\u00e1rias empresas. Agora, na ConsLog h\u00e1 muitos anos, sua vis\u00e3o \u00e9 ajudar os clientes da empresa a resolver todos os problemas que eles t\u00eam, incluindo a constru\u00e7\u00e3o de solu\u00e7\u00f5es altamente personalizadas quando necess\u00e1rio.<\/div>\n\t\t\t\t\t\t\t\t<div class=\"th-team-member-social\">\n\t\t\t\t\t<a href=\"https:\/\/www.linkedin.com\/in\/amorimlucas\/\"><i aria-hidden=\"true\" class=\"fab fa-linkedin\"><\/i><\/a>\t\t\t\t<\/div>\n\t\t\t<\/div>\n\t\t<\/div>\n\n\t\t\t\t<\/div>\n\t\t\t\t<\/div>\n\t\t\t\t\t\t<\/div>\n\t\t\t\t\t<\/div>\n\t\t<\/div>\n\t\t\t\t\t\t\t\t<\/div>\n\t\t\t\t\t<\/div>\n\t\t<\/section>\n\t\t\t\t\t\t<\/div>\n\t\t\t\t\t<\/div>\n\t\t<\/div>\n\t\t\t\t\t\t\t\t<\/div>\n\t\t\t\t\t<\/div>\n\t\t<\/section>\n\t\t\t\t<section class=\"elementor-section elementor-top-section elementor-element elementor-element-571c799 elementor-section-boxed elementor-section-height-default elementor-section-height-default\" data-id=\"571c799\" data-element_type=\"section\">\n\t\t\t\t\t\t<div class=\"elementor-container elementor-column-gap-default\">\n\t\t\t\t\t\t\t<div class=\"elementor-row\">\n\t\t\t\t\t<div class=\"elementor-column elementor-col-100 elementor-top-column elementor-element elementor-element-0c81c47\" data-id=\"0c81c47\" data-element_type=\"column\">\n\t\t\t<div class=\"elementor-column-wrap elementor-element-populated\">\n\t\t\t\t\t\t\t<div class=\"elementor-widget-wrap\">\n\t\t\t\t\t\t<div class=\"elementor-element elementor-element-7a9a044 elementor-widget elementor-widget-google_maps\" data-id=\"7a9a044\" data-element_type=\"widget\" data-widget_type=\"google_maps.default\">\n\t\t\t\t<div class=\"elementor-widget-container\">\n\t\t\t\t\t<div class=\"elementor-custom-embed\">\n\t\t\t<iframe frameborder=\"0\" scrolling=\"no\" marginheight=\"0\" marginwidth=\"0\" src=\"https:\/\/maps.google.com\/maps?q=ConsLog%20150%20State%20St%2C%20Salt%20Lake%20City%2C%20UT%2084111%2C%20United%20States&amp;t=m&amp;z=13&amp;output=embed&amp;iwloc=near\" title=\"%3$s\" aria-label=\"%3$s\"><\/iframe>\n\t\t<\/div>\n\t\t\t\t<\/div>\n\t\t\t\t<\/div>\n\t\t\t\t\t\t<\/div>\n\t\t\t\t\t<\/div>\n\t\t<\/div>\n\t\t\t\t\t\t\t\t<\/div>\n\t\t\t\t\t<\/div>\n\t\t<\/section>\n\t\t\t\t<section class=\"elementor-section elementor-top-section elementor-element elementor-element-lonxukq elementor-section-boxed elementor-section-height-default elementor-section-height-default\" data-id=\"lonxukq\" data-element_type=\"section\" data-settings=\"{&quot;background_background&quot;:&quot;classic&quot;}\">\n\t\t\t\t\t\t<div class=\"elementor-container elementor-column-gap-default\">\n\t\t\t\t\t\t\t<div class=\"elementor-row\">\n\t\t\t\t\t<div class=\"elementor-column elementor-col-100 elementor-top-column elementor-element elementor-element-dhalacz\" data-id=\"dhalacz\" data-element_type=\"column\">\n\t\t\t<div class=\"elementor-column-wrap elementor-element-populated\">\n\t\t\t\t\t\t\t<div class=\"elementor-widget-wrap\">\n\t\t\t\t\t\t<div class=\"elementor-element elementor-element-aycrrls elementor-widget elementor-widget-spacer\" data-id=\"aycrrls\" data-element_type=\"widget\" data-widget_type=\"spacer.default\">\n\t\t\t\t<div class=\"elementor-widget-container\">\n\t\t\t\t\t<div class=\"elementor-spacer\">\n\t\t\t<div class=\"elementor-spacer-inner\"><\/div>\n\t\t<\/div>\n\t\t\t\t<\/div>\n\t\t\t\t<\/div>\n\t\t\t\t<div class=\"elementor-element elementor-element-nxkmkft elementor-view-default elementor-position-top elementor-widget elementor-widget-themo-header\" data-id=\"nxkmkft\" data-element_type=\"widget\" data-widget_type=\"themo-header.default\">\n\t\t\t\t<div class=\"elementor-widget-container\">\n\t\t\t\t\t<div class=\"th-header-wrap\">\n        <div class=\"elementor-icon-box-wrapper\">\n                            <div class=\"elementor-icon-box-content\">\n                    <h2 class=\"elementor-icon-box-title\">\n                        <span >Veja Nosso Sistema em A\u00e7\u00e3o!<\/span>\n                    <\/h2>\n                                        <p class=\"elementor-icon-box-description\"><\/p>\n\n                                    <\/div>\n            <\/div>\n\n        <\/div>\n\n\t\t\t\t<\/div>\n\t\t\t\t<\/div>\n\t\t\t\t<div class=\"elementor-element elementor-element-a82a80d elementor-align-center elementor-widget elementor-widget-button\" data-id=\"a82a80d\" data-element_type=\"widget\" data-widget_type=\"button.default\">\n\t\t\t\t<div class=\"elementor-widget-container\">\n\t\t\t\t\t<div class=\"elementor-button-wrapper\">\n\t\t\t<a href=\"https:\/\/conslog.com\/pt\/free-trial\/\" class=\"elementor-button-link elementor-button elementor-size-md\" role=\"button\">\n\t\t\t\t\t\t<span class=\"elementor-button-content-wrapper\">\n\t\t\t\t\t\t<span class=\"elementor-button-text\">Pedir Demo<\/span>\n\t\t<\/span>\n\t\t\t\t\t<\/a>\n\t\t<\/div>\n\t\t\t\t<\/div>\n\t\t\t\t<\/div>\n\t\t\t\t<div class=\"elementor-element elementor-element-4491186 elementor-widget elementor-widget-spacer\" data-id=\"4491186\" data-element_type=\"widget\" data-widget_type=\"spacer.default\">\n\t\t\t\t<div class=\"elementor-widget-container\">\n\t\t\t\t\t<div class=\"elementor-spacer\">\n\t\t\t<div class=\"elementor-spacer-inner\"><\/div>\n\t\t<\/div>\n\t\t\t\t<\/div>\n\t\t\t\t<\/div>\n\t\t\t\t\t\t<\/div>\n\t\t\t\t\t<\/div>\n\t\t<\/div>\n\t\t\t\t\t\t\t\t<\/div>\n\t\t\t\t\t<\/div>\n\t\t<\/section>\n\t\t\t\t\t\t<\/div>\n\t\t\t\t\t\t<\/div>\n\t\t\t\t\t<\/div>","protected":false},"excerpt":{"rendered":"<p>About ConsLog Meet the faces and stories behind the technology Our Story And Mission ConsLog&#8217;s mission is to provide the most complete, easy-to-use, and customized construction management technology software available. While working for the US Army Corps of Engineers, founder &hellip; <a href=\"https:\/\/conslog.com\/pt\/about-us\/\">Read More<\/a><\/p>","protected":false},"author":1,"featured_media":0,"parent":0,"menu_order":26,"comment_status":"closed","ping_status":"closed","template":"","meta":{"footnotes":""},"class_list":["post-223","page","type-page","status-publish","hentry"],"_links":{"self":[{"href":"https:\/\/conslog.com\/pt\/wp-json\/wp\/v2\/pages\/223","targetHints":{"allow":["GET"]}}],"collection":[{"href":"https:\/\/conslog.com\/pt\/wp-json\/wp\/v2\/pages"}],"about":[{"href":"https:\/\/conslog.com\/pt\/wp-json\/wp\/v2\/types\/page"}],"author":[{"embeddable":true,"href":"https:\/\/conslog.com\/pt\/wp-json\/wp\/v2\/users\/1"}],"replies":[{"embeddable":true,"href":"https:\/\/conslog.com\/pt\/wp-json\/wp\/v2\/comments?post=223"}],"version-history":[{"count":120,"href":"https:\/\/conslog.com\/pt\/wp-json\/wp\/v2\/pages\/223\/revisions"}],"predecessor-version":[{"id":1997,"href":"https:\/\/conslog.com\/pt\/wp-json\/wp\/v2\/pages\/223\/revisions\/1997"}],"wp:attachment":[{"href":"https:\/\/conslog.com\/pt\/wp-json\/wp\/v2\/media?parent=223"}],"curies":[{"name":"wp","href":"https:\/\/api.w.org\/{rel}","templated":true}]}}